{"id":4845,"date":"2023-01-09T12:25:06","date_gmt":"2023-01-09T11:25:06","guid":{"rendered":"https:\/\/www.dracomom.ba\/?post_type=product&#038;p=4845"},"modified":"2023-03-09T12:31:20","modified_gmt":"2023-03-09T11:31:20","slug":"vreca-za-spavanje-unicorn-mint","status":"publish","type":"product","link":"https:\/\/www.dracomom.ba\/en\/product\/vreca-za-spavanje-unicorn-mint\/","title":{"rendered":"Vre\u0107a za spavanje Unicorn mint"},"content":{"rendered":"","protected":false},"excerpt":{"rendered":"<p>Ugodna i topla vre\u0107a za spavanje i igru.<\/p>\n<p>Izra\u0111ena od pamu\u010dne tkanine, punjena antialergijskim punjenjem.<\/p>\n<p>S nogavicama ih izra\u0111ujemo u veli\u010dini od 6 mjeseci do 5 godina.<\/p>\n<p>Bez nogavica \u2013 od ro\u0111enja do 6 mjeseci.<\/p>\n<p>&nbsp;<\/p>\n<p>(Uz narud\u017ebu nam napi\u0161ite koja vam veli\u010dina treba.)<\/p>","protected":false},"featured_media":4848,"comment_status":"closed","ping_status":"closed","template":"","meta":[],"product_brand":[],"product_cat":[158,26],"product_tag":[160],"class_list":{"0":"post-4845","1":"product","2":"type-product","3":"status-publish","4":"has-post-thumbnail","6":"product_cat-vrece-za-spavanje","7":"product_cat-odjeca","8":"product_tag-vreca-za-spavanje","10":"first","11":"outofstock","12":"taxable","13":"shipping-taxable","14":"purchasable","15":"product-type-simple"},"_links":{"self":[{"href":"https:\/\/www.dracomom.ba\/en\/wp-json\/wp\/v2\/product\/4845","targetHints":{"allow":["GET"]}}],"collection":[{"href":"https:\/\/www.dracomom.ba\/en\/wp-json\/wp\/v2\/product"}],"about":[{"href":"https:\/\/www.dracomom.ba\/en\/wp-json\/wp\/v2\/types\/product"}],"replies":[{"embeddable":true,"href":"https:\/\/www.dracomom.ba\/en\/wp-json\/wp\/v2\/comments?post=4845"}],"wp:featuredmedia":[{"embeddable":true,"href":"https:\/\/www.dracomom.ba\/en\/wp-json\/wp\/v2\/media\/4848"}],"wp:attachment":[{"href":"https:\/\/www.dracomom.ba\/en\/wp-json\/wp\/v2\/media?parent=4845"}],"wp:term":[{"taxonomy":"product_brand","embeddable":true,"href":"https:\/\/www.dracomom.ba\/en\/wp-json\/wp\/v2\/product_brand?post=4845"},{"taxonomy":"product_cat","embeddable":true,"href":"https:\/\/www.dracomom.ba\/en\/wp-json\/wp\/v2\/product_cat?post=4845"},{"taxonomy":"product_tag","embeddable":true,"href":"https:\/\/www.dracomom.ba\/en\/wp-json\/wp\/v2\/product_tag?post=4845"}],"curies":[{"name":"wp","href":"https:\/\/api.w.org\/{rel}","templated":true}]}}